{"id":1553,"date":"2022-09-27T10:29:48","date_gmt":"2022-09-27T08:29:48","guid":{"rendered":"https:\/\/www.le-belvedere-hotel.com\/chambres\/"},"modified":"2025-05-13T11:03:10","modified_gmt":"2025-05-13T09:03:10","slug":"rooms","status":"publish","type":"page","link":"https:\/\/www.le-belvedere-hotel.com\/en\/rooms\/","title":{"rendered":"Rooms"},"content":{"rendered":"<p><div class=\"fusion-fullwidth fullwidth-box fusion-builder-row-1 fusion-flex-container has-pattern-background has-mask-background nonhundred-percent-fullwidth non-hundred-percent-height-scrolling\" style=\"background-color: rgba(255,255,255,0);background-position: center center;background-repeat: no-repeat;border-width: 0px 0px 0px 0px;border-color:#eae9e9;border-style:solid;\" ><div class=\"fusion-builder-row fusion-row fusion-flex-align-items-center fusion-flex-justify-content-center\" style=\"max-width:1456px;margin-left: calc(-4% \/ 2 );margin-right: calc(-4% \/ 2 );\"><div class=\"fusion-layout-column fusion_builder_column fusion-builder-column-0 fusion_builder_column_1_1 1_1 fusion-flex-column\"><div class=\"fusion-column-wrapper fusion-flex-justify-content-flex-start fusion-content-layout-column\" style=\"background-position:left top;background-repeat:no-repeat;-webkit-background-size:cover;-moz-background-size:cover;-o-background-size:cover;background-size:cover;padding: 0px 0px 0px 0px;\"><style type=\"text\/css\">@media only screen and (max-width:1024px) {.fusion-title.fusion-title-1{margin-top:45px!important; margin-right:!important;margin-bottom:30px!important;margin-left:!important;}}@media only screen and (max-width:768px) {.fusion-title.fusion-title-1{margin-top:10px!important; margin-right:0px!important;margin-bottom:10px!important; margin-left:0px!important;}}<\/style><div class=\"fusion-title title fusion-title-1 fusion-sep-none fusion-title-center fusion-title-text fusion-title-size-one\" style=\"margin-top:45px;margin-bottom:30px;\"><h1 class=\"title-heading-center fusion-responsive-typography-calculated\" style=\"margin:0;--fontSize:45;line-height:1.3;\">H\u00f4tel Le Belv\u00e9d\u00e8re in Vallon Pont d&#8217;Arc<\/h1><\/div><style type=\"text\/css\">@media only screen and (max-width:1024px) {.fusion-title.fusion-title-2{margin-top:45px!important; margin-right:!important;margin-bottom:30px!important;margin-left:!important;}}@media only screen and (max-width:768px) {.fusion-title.fusion-title-2{margin-top:10px!important; margin-right:0px!important;margin-bottom:10px!important; margin-left:0px!important;}}<\/style><div class=\"fusion-title title fusion-title-2 fusion-sep-none fusion-title-center fusion-title-text fusion-title-size-two h2-pages\" style=\"margin-top:45px;margin-bottom:30px;\"><h2 class=\"title-heading-center fusion-responsive-typography-calculated\" style=\"margin:0;--fontSize:35;line-height:1.3;\">Find comfort in one of our <strong>28 hotel rooms<\/strong><\/h2><\/div><div class=\"picto-liste col-picto-txt picto-center\">\n<i class=\"picto-pmr\"><span>1 bedroom <br \/>fitted out for disabled people<\/span><\/i>\n<i class=\"picto-douche-baignoire\"><span>Bathroom <br \/>Bathtub or shower<\/span><\/i>\n<i class=\"picto-climatisation\"><span>Reversible<br \/>air conditioner<\/span><\/i>\n<i class=\"picto-tv\"><span>Flat-screen TV<br \/>DTT channels via satellite<\/span><\/i>\n<i class=\"picto-wi-fi\"><span>WiFi<br \/>free access<\/span><\/i>\n<i class=\"picto-seche-serviette\"><span>Towel dryer <\/i>\n<i class=\"picto-seche-cheveux\"><span>Hairdryer<\/i>\n<i class=\"picto-fumeur-non\"><span>Non-smoking<br \/>rooms<\/span><\/i>\n<\/div><\/div><style type=\"text\/css\">.fusion-body .fusion-builder-column-0{width:100% !important;margin-top : 0px;margin-bottom : 50px;}.fusion-builder-column-0 > .fusion-column-wrapper {padding-top : 0px !important;padding-right : 0px !important;margin-right : 1.92%;padding-bottom : 0px !important;padding-left : 0px !important;margin-left : 1.92%;}@media only screen and (max-width:1024px) {.fusion-body .fusion-builder-column-0{width:100% !important;order : 0;}.fusion-builder-column-0 > .fusion-column-wrapper {margin-right : 1.92%;margin-left : 1.92%;}}@media only screen and (max-width:768px) {.fusion-body .fusion-builder-column-0{width:100% !important;order : 0;}.fusion-builder-column-0 > .fusion-column-wrapper {margin-right : 1.92%;margin-left : 1.92%;}}<\/style><\/div><div class=\"fusion-layout-column fusion_builder_column fusion-builder-column-1 fusion_builder_column_1_1 1_1 fusion-flex-column\"><div class=\"fusion-column-wrapper fusion-flex-justify-content-flex-start fusion-content-layout-column\" style=\"background-position:left top;background-repeat:no-repeat;-webkit-background-size:cover;-moz-background-size:cover;-o-background-size:cover;background-size:cover;padding: 0px 0px 0px 0px;\"><div class=\"fusion-text fusion-text-1\"><p style=\"text-align: center;\">Our <strong>28 spacious<\/strong> and pleasantly-decorated <strong>bedrooms<\/strong> welcome you into a setting that blends <strong>comfort and modernity<\/strong>.<\/p>\n<p style=\"text-align: center;\">Give into the temptation of <strong>relaxation<\/strong> and <strong>wellbeing<\/strong> in our <strong>outdoor swimming pool<\/strong> with its huge, panoramic terrace open all day long.<\/p>\n<p style=\"text-align: center;\"><strong>\u2013 Our hotel is accessible to people with reduced mobility \u2013<\/strong><br \/>\nWe have a PRM room specially designed for people with reduced mobility, to ensure comfort, safety and autonomy.<br \/>\nPlease contact us for more information or to reserve this room.<\/p>\n<p style=\"text-align: center;\"><em>Non-smoking bedrooms only.<\/em><\/p>\n<\/div><\/div><style type=\"text\/css\">.fusion-body .fusion-builder-column-1{width:100% !important;margin-top : 0px;margin-bottom : 0px;}.fusion-builder-column-1 > .fusion-column-wrapper {padding-top : 0px !important;padding-right : 0px !important;margin-right : 1.92%;padding-bottom : 0px !important;padding-left : 0px !important;margin-left : 1.92%;}@media only screen and (max-width:1024px) {.fusion-body .fusion-builder-column-1{width:100% !important;order : 0;}.fusion-builder-column-1 > .fusion-column-wrapper {margin-right : 1.92%;margin-left : 1.92%;}}@media only screen and (max-width:768px) {.fusion-body .fusion-builder-column-1{width:100% !important;order : 0;}.fusion-builder-column-1 > .fusion-column-wrapper {margin-right : 1.92%;margin-left : 1.92%;}}<\/style><\/div><\/div><style type=\"text\/css\">.fusion-body .fusion-flex-container.fusion-builder-row-1{ padding-top : 0px;margin-top : 0px;padding-right : 0px;padding-bottom : 0px;margin-bottom : 0px;padding-left : 0px;}<\/style><\/div><div class=\"fusion-fullwidth fullwidth-box fusion-builder-row-2 fusion-flex-container has-pattern-background has-mask-background hundred-percent-fullwidth non-hundred-percent-height-scrolling\" style=\"background-color: rgba(255,255,255,0);background-position: center center;background-repeat: no-repeat;border-width: 0px 0px 0px 0px;border-color:#eae9e9;border-style:solid;\" ><div class=\"fusion-builder-row fusion-row fusion-flex-align-items-center fusion-flex-justify-content-center\" style=\"width:104% !important;max-width:104% !important;margin-left: calc(-4% \/ 2 );margin-right: calc(-4% \/ 2 );\"><div class=\"fusion-layout-column fusion_builder_column fusion-builder-column-2 fusion_builder_column_1_1 1_1 fusion-flex-column\"><div class=\"fusion-column-wrapper fusion-flex-justify-content-flex-start fusion-content-layout-column\" style=\"background-position:left top;background-repeat:no-repeat;-webkit-background-size:cover;-moz-background-size:cover;-o-background-size:cover;background-size:cover;padding: 0px 0px 30px 0px;\">        <style>\t\t\n\t\t#childs { display:flex !important; flex-wrap: wrap; justify-content: center; text-align:center }\n\t\t#childs article { margin:10px; float:none; position:relative; border-radius: 5px; box-shadow: 0 0 11px rgba(0,0,0,0.3); display: flex; flex-direction: column; min-height:350px  } \/* a supprimer *\/\t\n\t\t#childs a { order:1 }\n\t\t#childs a img { transition:0.3s opacity }\n\t\t#childs a:hover img { opacity:0.8 }\t\t\n\t\t#childs i:before { font-size:28px !important }\n\t\t#childs h2 { border:0px !important; border-bottom:1px solid rgba(0,0,0,0.35) !important; order:2 }\n\t\t#childs h2.title-extrait { font-weight:bold !important; margin-bottom:0px !important }\n\t\t#childs h2.title-extrait a { display:block; padding:10px 10px !important; font-size: 18px !important; font-style:normal }\n\n\t\t.loc-extrait { display:flex; justify-content: center;padding-left:0px !important; border-radius: 0 0 11px 11px; margin:0 !important; background-color:#fff; justify-content: space-evenly; order:3 }\n\t\t.loc-extrait li { list-style:none !important; line-height:1.2em; margin:10px 10px; font-size:14px; display:flex; flex-direction: column-reverse }\n\t\t.loc-extrait li i { margin-bottom:8px }\n\t\t.loc-extrait i:before { font-size:30px; margin:2px; color:var(--bleufonce) }\n\t\t.loc-extrait span { font-weight:normal }\n\t\t.loc-extrait-cc span { font-weight:bold }\n\t\t.loc-extrait-cc i { margin-right:10px; display:inline-block; margin-top:15px }\t\t\n\n\t\t\/* menu bas de page *\/\n\t\t#childs.menubdp article.fusion-post-grid { width: calc(100% \/ 4.5) !important; max-width: 320px }\n\t\t#childs.menubdp h2.title-extrait a { font-size: 15px !important }\n\t\t#childs.menubdp i:before { font-size:22px !important }\n\t\t\t\n\t\t\/* liste page *\/ \n\t\t\/*#childs.liste article.fusion-post-grid { width: 400px !important }*\/\n\t\t#childs.liste h2 { border-bottom:none !important; order:1 }\t\n\t\t#childs.liste a { order:2 }\n\t\t@media only screen and (max-width: 1200px) {\n\t\t\t#childs.menubdp article.fusion-post-grid { min-width: 320px !important }\n\t\t}\n        <\/style>\n        <div id=\"childs\" class=\"fusion-posts-container fusion-posts-container-no liste\">\n\t\t\t\t\t\t\t<article id=\"post-1547\" class=\"fusion-post-grid post-1547 \">                    \n                    <a href=\"https:\/\/www.le-belvedere-hotel.com\/en\/rooms\/standard-room\/\" title=\"Standard Room\"><img decoding=\"async\" src=\"https:\/\/www.le-belvedere-hotel.com\/wp-content\/uploads\/chambre-standard-01-450x330.jpg\" alt=\"H\u00f4tel Vallon Pont d'Arc - Standard Room\" \/><\/a>\n                    <h2 class=\"title-extrait\"><a href=\"https:\/\/www.le-belvedere-hotel.com\/en\/rooms\/standard-room\/\" title=\"Standard Room\">Standard Room<\/a><\/h2>\n\t\t\t\t\t<ul class=\"loc-extrait\">\r\n<li>15 m\u00b2<i class=\"picto-surface\"><\/i><\/li>\r\n<li>Up to 2<i class=\"picto-personne\"><\/i><\/li>\r\n<li>TV<i class=\"picto-tv\"><\/i><\/li>\r\n<\/ul>                  \n                    <div class=\"fusion-clearfix\"><\/div>\n\t\t\t\t<\/article>\n\t\t\t\t\t\t\t\t<article id=\"post-1546\" class=\"fusion-post-grid post-1546 \">                    \n                    <a href=\"https:\/\/www.le-belvedere-hotel.com\/en\/rooms\/superior-room\/\" title=\"Superior Room\"><img decoding=\"async\" src=\"https:\/\/www.le-belvedere-hotel.com\/wp-content\/uploads\/chambre-double-superieure-450x330.jpg\" alt=\"H\u00f4tel Vallon Pont d'Arc - Chambre Sup\u00e9rieure\" \/><\/a>\n                    <h2 class=\"title-extrait\"><a href=\"https:\/\/www.le-belvedere-hotel.com\/en\/rooms\/superior-room\/\" title=\"Superior Room\">Superior Room<\/a><\/h2>\n\t\t\t\t\t<ul class=\"loc-extrait\">\r\n<li>20 m\u00b2<i class=\"picto-surface\"><\/i><\/li>\r\n<li>Up to 2<i class=\"picto-personne\"><\/i><\/li>\r\n<li>TV<i class=\"picto-tv\"><\/i><\/li>\r\n<\/ul>                  \n                    <div class=\"fusion-clearfix\"><\/div>\n\t\t\t\t<\/article>\n\t\t\t\t\t\t\t\t<article id=\"post-1544\" class=\"fusion-post-grid post-1544 \">                    \n                    <a href=\"https:\/\/www.le-belvedere-hotel.com\/en\/rooms\/prestige-spa-room\/\" title=\"Prestige SPA Room\"><img decoding=\"async\" src=\"https:\/\/www.le-belvedere-hotel.com\/wp-content\/uploads\/chambre-prestige-02-450x330.jpg\" alt=\"Hotel Vallon Pont d'Arc - Prestige Room\" \/><\/a>\n                    <h2 class=\"title-extrait\"><a href=\"https:\/\/www.le-belvedere-hotel.com\/en\/rooms\/prestige-spa-room\/\" title=\"Prestige SPA Room\">Prestige SPA Room<\/a><\/h2>\n\t\t\t\t\t<ul class=\"loc-extrait\">\r\n<li>20 m\u00b2<i class=\"picto-surface\"><\/i><\/li>\r\n<li>up to 2<i class=\"picto-personne\"><\/i><\/li>\r\n<li>TV<i class=\"picto-tv\"><\/i><\/li>\r\n<\/ul>                  \n                    <div class=\"fusion-clearfix\"><\/div>\n\t\t\t\t<\/article>\n\t\t\t\t\t\t\t\t<article id=\"post-1545\" class=\"fusion-post-grid post-1545 \">                    \n                    <a href=\"https:\/\/www.le-belvedere-hotel.com\/en\/rooms\/terrace-spa-room-rear-view\/\" title=\"Terrace SPA Room\"><img decoding=\"async\" src=\"https:\/\/www.le-belvedere-hotel.com\/wp-content\/uploads\/chambre-terrasse-et-spa-02-450x330.jpg\" alt=\"Hotel Vallon Pont d'Arc - Terrace and SPA Room\" \/><\/a>\n                    <h2 class=\"title-extrait\"><a href=\"https:\/\/www.le-belvedere-hotel.com\/en\/rooms\/terrace-spa-room-rear-view\/\" title=\"Terrace SPA Room\">Terrace SPA Room<\/a><\/h2>\n\t\t\t\t\t<ul class=\"loc-extrait\">\r\n<li>17 m\u00b2<i class=\"picto-surface\"><\/i><\/li>\r\n<li>Up to 2<i class=\"picto-personne\"><\/i><\/li>\r\n<li>TV<i class=\"picto-tv\"><\/i><\/li>\r\n<\/ul>                  \n                    <div class=\"fusion-clearfix\"><\/div>\n\t\t\t\t<\/article>\n\t\t\t\t\t\t\t\t<article id=\"post-1541\" class=\"fusion-post-grid post-1541 \">                    \n                    <a href=\"https:\/\/www.le-belvedere-hotel.com\/en\/rooms\/terrace-spa-rooms-gorges-view\/\" title=\"Terrace SPA Room (gorges view)\"><img decoding=\"async\" src=\"https:\/\/www.le-belvedere-hotel.com\/wp-content\/uploads\/chambre-terrasse-et-spa-01-450x330.jpg\" alt=\"H\u00f4tel Vallon Pont d'Arc - Chambre terrasse et SPA\" \/><\/a>\n                    <h2 class=\"title-extrait\"><a href=\"https:\/\/www.le-belvedere-hotel.com\/en\/rooms\/terrace-spa-rooms-gorges-view\/\" title=\"Terrace SPA Room (gorges view)\">Terrace SPA Room (gorges view)<\/a><\/h2>\n\t\t\t\t\t<ul class=\"loc-extrait\">\r\n<li>17 m\u00b2<i class=\"picto-surface\"><\/i><\/li>\r\n<li>Up to<i class=\"picto-personne\"><\/i><\/li>\r\n<li>TV<i class=\"picto-tv\"><\/i><\/li>\r\n<\/ul>                  \n                    <div class=\"fusion-clearfix\"><\/div>\n\t\t\t\t<\/article>\n\t\t\t\t\t\t\t\t<article id=\"post-1543\" class=\"fusion-post-grid post-1543 \">                    \n                    <a href=\"https:\/\/www.le-belvedere-hotel.com\/en\/rooms\/family-room\/\" title=\"Family Room\"><img decoding=\"async\" src=\"https:\/\/www.le-belvedere-hotel.com\/wp-content\/uploads\/chambre-familiale-02-450x330.jpg\" alt=\"Hotel Vallon Pont d'Arc - Family Room\" \/><\/a>\n                    <h2 class=\"title-extrait\"><a href=\"https:\/\/www.le-belvedere-hotel.com\/en\/rooms\/family-room\/\" title=\"Family Room\">Family Room<\/a><\/h2>\n\t\t\t\t\t<ul class=\"loc-extrait\">\r\n<li>35 m\u00b2<i class=\"picto-surface\"><\/i><\/li>\r\n<li>Up to 4<i class=\"picto-personne\"><\/i><\/li>\r\n<li>TV<i class=\"picto-tv\"><\/i><\/li>\r\n<\/ul>                  \n                    <div class=\"fusion-clearfix\"><\/div>\n\t\t\t\t<\/article>\n\t\t\t\t\t\t\t\t<article id=\"post-1542\" class=\"fusion-post-grid post-1542 \">                    \n                    <a href=\"https:\/\/www.le-belvedere-hotel.com\/en\/rooms\/family-spa-room\/\" title=\"Family SPA Room\"><img decoding=\"async\" src=\"https:\/\/www.le-belvedere-hotel.com\/wp-content\/uploads\/chambre-familiale-02-450x330.jpg\" alt=\"Hotel Vallon Pont d'Arc - Family Room\" \/><\/a>\n                    <h2 class=\"title-extrait\"><a href=\"https:\/\/www.le-belvedere-hotel.com\/en\/rooms\/family-spa-room\/\" title=\"Family SPA Room\">Family SPA Room<\/a><\/h2>\n\t\t\t\t\t<ul class=\"loc-extrait\">\r\n<li>35 m\u00b2<i class=\"picto-surface\"><\/i><\/li>\r\n<li>Up to 4<i class=\"picto-personne\"><\/i><\/li>\r\n<li>TV<i class=\"picto-tv\"><\/i><\/li>\r\n<\/ul>                  \n                    <div class=\"fusion-clearfix\"><\/div>\n\t\t\t\t<\/article>\n\t\t\t\t        <\/div>\n\t\t<\/div><style type=\"text\/css\">.fusion-body .fusion-builder-column-2{width:100% !important;margin-top : 0px;margin-bottom : 20px;}.fusion-builder-column-2 > .fusion-column-wrapper {padding-top : 0px !important;padding-right : 0px !important;margin-right : 1.92%;padding-bottom : 30px !important;padding-left : 0px !important;margin-left : 1.92%;}@media only screen and (max-width:1024px) {.fusion-body .fusion-builder-column-2{width:100% !important;order : 0;}.fusion-builder-column-2 > .fusion-column-wrapper {margin-right : 1.92%;margin-left : 1.92%;}}@media only screen and (max-width:768px) {.fusion-body .fusion-builder-column-2{width:100% !important;order : 0;}.fusion-builder-column-2 > .fusion-column-wrapper {margin-right : 1.92%;margin-left : 1.92%;}}<\/style><\/div><\/div><style type=\"text\/css\">.fusion-body .fusion-flex-container.fusion-builder-row-2{ padding-top : 0px;margin-top : 60px;padding-right : 0px;padding-bottom : 0px;margin-bottom : 0px;padding-left : 0px;}<\/style><\/div><div class=\"fusion-fullwidth fullwidth-box fusion-builder-row-3 fusion-flex-container has-pattern-background has-mask-background nonhundred-percent-fullwidth non-hundred-percent-height-scrolling\" style=\"background-color: rgba(255,255,255,0);background-position: center center;background-repeat: no-repeat;border-width: 0px 0px 0px 0px;border-color:#eae9e9;border-style:solid;\" ><div class=\"fusion-builder-row fusion-row fusion-flex-align-items-center fusion-flex-justify-content-center\" style=\"max-width:1456px;margin-left: calc(-4% \/ 2 );margin-right: calc(-4% \/ 2 );\"><div class=\"fusion-layout-column fusion_builder_column fusion-builder-column-3 fusion_builder_column_1_1 1_1 fusion-flex-column\"><div class=\"fusion-column-wrapper fusion-flex-justify-content-flex-start fusion-content-layout-column\" style=\"background-position:left top;background-repeat:no-repeat;-webkit-background-size:cover;-moz-background-size:cover;-o-background-size:cover;background-size:cover;padding: 0px 0px 0px 0px;\"><style type=\"text\/css\">@media only screen and (max-width:1024px) {.fusion-title.fusion-title-3{margin-top:45px!important; margin-right:!important;margin-bottom:30px!important;margin-left:!important;}}@media only screen and (max-width:768px) {.fusion-title.fusion-title-3{margin-top:10px!important; margin-right:0px!important;margin-bottom:10px!important; margin-left:0px!important;}}<\/style><div class=\"fusion-title title fusion-title-3 fusion-sep-none fusion-title-text fusion-title-size-two\" style=\"margin-top:45px;margin-bottom:30px;\"><h2 class=\"title-heading-left fusion-responsive-typography-calculated\" style=\"margin:0;--fontSize:35;line-height:1.3;\">Terms and conditions<\/h2><\/div><div class=\"fusion-text fusion-text-2\"><p>To guarantee your booking, we have asked for your payment card number and expiry date. We will not take payment from this card. You will need to present this card or another payment method when you arrive.<\/p>\n<p>You can check in and gain access to your room after <strong>4\u00a0pm<\/strong> and check out by <strong>11\u00a0am<\/strong> at the latest.<br \/>\nWe respectfully request that you arrive at the hotel prior to <strong>7\u00a0pm<\/strong> or contact reception if you will arrive later.<\/p>\n<p><strong>Staying up to 2 nights<\/strong>: If you cancel within 8 days of your arrival date, you will be charged for the first night of your stay.<\/p>\n<p><strong>Staying 3 or more nights<\/strong>: If you cancel within 8 days of your arrival date, you will be charged 50% of the total price of your stay.<\/p>\n<p><strong>No-shows and cancellation at the hotel<\/strong>: you will be charged the full price of your stay.<\/p>\n<\/div><\/div><style type=\"text\/css\">.fusion-body .fusion-builder-column-3{width:100% !important;margin-top : 0px;margin-bottom : 20px;}.fusion-builder-column-3 > .fusion-column-wrapper {padding-top : 0px !important;padding-right : 0px !important;margin-right : 1.92%;padding-bottom : 0px !important;padding-left : 0px !important;margin-left : 1.92%;}@media only screen and (max-width:1024px) {.fusion-body .fusion-builder-column-3{width:100% !important;order : 0;}.fusion-builder-column-3 > .fusion-column-wrapper {margin-right : 1.92%;margin-left : 1.92%;}}@media only screen and (max-width:768px) {.fusion-body .fusion-builder-column-3{width:100% !important;order : 0;}.fusion-builder-column-3 > .fusion-column-wrapper {margin-right : 1.92%;margin-left : 1.92%;}}<\/style><\/div><\/div><style type=\"text\/css\">.fusion-body .fusion-flex-container.fusion-builder-row-3{ padding-top : 0px;margin-top : 0px;padding-right : 0px;padding-bottom : 0px;margin-bottom : 0px;padding-left : 0px;}<\/style><\/div><\/p>\n","protected":false},"excerpt":{"rendered":"","protected":false},"author":1,"featured_media":0,"parent":0,"menu_order":0,"comment_status":"closed","ping_status":"closed","template":"100-width.php","meta":{"footnotes":""},"class_list":["post-1553","page","type-page","status-publish","hentry"],"acf":[],"_links":{"self":[{"href":"https:\/\/www.le-belvedere-hotel.com\/en\/wp-json\/wp\/v2\/pages\/1553","targetHints":{"allow":["GET"]}}],"collection":[{"href":"https:\/\/www.le-belvedere-hotel.com\/en\/wp-json\/wp\/v2\/pages"}],"about":[{"href":"https:\/\/www.le-belvedere-hotel.com\/en\/wp-json\/wp\/v2\/types\/page"}],"author":[{"embeddable":true,"href":"https:\/\/www.le-belvedere-hotel.com\/en\/wp-json\/wp\/v2\/users\/1"}],"replies":[{"embeddable":true,"href":"https:\/\/www.le-belvedere-hotel.com\/en\/wp-json\/wp\/v2\/comments?post=1553"}],"version-history":[{"count":6,"href":"https:\/\/www.le-belvedere-hotel.com\/en\/wp-json\/wp\/v2\/pages\/1553\/revisions"}],"predecessor-version":[{"id":1971,"href":"https:\/\/www.le-belvedere-hotel.com\/en\/wp-json\/wp\/v2\/pages\/1553\/revisions\/1971"}],"wp:attachment":[{"href":"https:\/\/www.le-belvedere-hotel.com\/en\/wp-json\/wp\/v2\/media?parent=1553"}],"curies":[{"name":"wp","href":"https:\/\/api.w.org\/{rel}","templated":true}]}}